{"id":1693,"date":"2022-01-17T16:45:34","date_gmt":"2022-01-17T14:45:34","guid":{"rendered":"https:\/\/www.unique-hotelsresidences.com\/galerie-photos\/"},"modified":"2022-03-23T16:47:16","modified_gmt":"2022-03-23T14:47:16","slug":"photo-gallery","status":"publish","type":"page","link":"https:\/\/www.unique-hotelsresidences.com\/en\/photo-gallery\/","title":{"rendered":"Gallery"},"content":{"rendered":"","protected":false},"excerpt":{"rendered":"","protected":false},"author":3,"featured_media":1244,"parent":0,"menu_order":0,"comment_status":"closed","ping_status":"closed","template":"modeles-de-page\/page-galerie.php","meta":[],"acf":[],"yoast_head":"<!-- This site is optimized with the Yoast SEO plugin v20.4 - https:\/\/yoast.com\/wordpress\/plugins\/seo\/ -->\n<title>Photo gallery apartment hotel and 4 star hotel in Saint-Rapha\u00ebl<\/title>\n<meta name=\"description\" content=\"Discover the apartment hotels and the hotel Unique H\u00f4tels et R\u00e9sidences in Saint-Rapha\u00ebl in pictures through the photo gallery.\" \/>\n<meta name=\"robots\" content=\"index, follow, max-snippet:-1, max-image-preview:large, max-video-preview:-1\" \/>\n<link rel=\"canonical\" href=\"https:\/\/www.unique-hotelsresidences.com\/en\/photo-gallery\/\" \/>\n<meta property=\"og:locale\" content=\"en_US\" \/>\n<meta property=\"og:type\" content=\"article\" \/>\n<meta property=\"og:title\" content=\"Photo gallery apartment hotel and 4 star hotel in Saint-Rapha\u00ebl\" \/>\n<meta property=\"og:description\" content=\"Discover the apartment hotels and the hotel Unique H\u00f4tels et R\u00e9sidences in Saint-Rapha\u00ebl in pictures through the photo gallery.\" \/>\n<meta property=\"og:url\" content=\"https:\/\/www.unique-hotelsresidences.com\/en\/photo-gallery\/\" \/>\n<meta property=\"og:site_name\" content=\"Unique H\u00f4tels &amp; R\u00e9sidences\" \/>\n<meta property=\"article:modified_time\" content=\"2022-03-23T14:47:16+00:00\" \/>\n<meta property=\"og:image\" content=\"https:\/\/www.unique-hotelsresidences.com\/base\/uploads\/2022\/01\/hotel-saint-raphael-plage.jpg\" \/>\n\t<meta property=\"og:image:width\" content=\"1920\" \/>\n\t<meta property=\"og:image:height\" content=\"929\" \/>\n\t<meta property=\"og:image:type\" content=\"image\/jpeg\" \/>\n<script type=\"application\/ld+json\" class=\"yoast-schema-graph\">{\"@context\":\"https:\/\/schema.org\",\"@graph\":[{\"@type\":\"WebPage\",\"@id\":\"https:\/\/www.unique-hotelsresidences.com\/en\/photo-gallery\/\",\"url\":\"https:\/\/www.unique-hotelsresidences.com\/en\/photo-gallery\/\",\"name\":\"Photo gallery apartment hotel and 4 star hotel in Saint-Rapha\u00ebl\",\"isPartOf\":{\"@id\":\"https:\/\/www.unique-hotelsresidences.com\/#website\"},\"datePublished\":\"2022-01-17T14:45:34+00:00\",\"dateModified\":\"2022-03-23T14:47:16+00:00\",\"description\":\"Discover the apartment hotels and the hotel Unique H\u00f4tels et R\u00e9sidences in Saint-Rapha\u00ebl in pictures through the photo gallery.\",\"breadcrumb\":{\"@id\":\"https:\/\/www.unique-hotelsresidences.com\/en\/photo-gallery\/#breadcrumb\"},\"inLanguage\":\"en-US\",\"potentialAction\":[{\"@type\":\"ReadAction\",\"target\":[\"https:\/\/www.unique-hotelsresidences.com\/en\/photo-gallery\/\"]}]},{\"@type\":\"BreadcrumbList\",\"@id\":\"https:\/\/www.unique-hotelsresidences.com\/en\/photo-gallery\/#breadcrumb\",\"itemListElement\":[{\"@type\":\"ListItem\",\"position\":1,\"name\":\"Accueil\",\"item\":\"https:\/\/www.unique-hotelsresidences.com\/en\/\"},{\"@type\":\"ListItem\",\"position\":2,\"name\":\"Gallery\"}]},{\"@type\":\"WebSite\",\"@id\":\"https:\/\/www.unique-hotelsresidences.com\/#website\",\"url\":\"https:\/\/www.unique-hotelsresidences.com\/\",\"name\":\"Unique H\u00f4tels &amp; R\u00e9sidences\",\"description\":\"\",\"publisher\":{\"@id\":\"https:\/\/www.unique-hotelsresidences.com\/#organization\"},\"potentialAction\":[{\"@type\":\"SearchAction\",\"target\":{\"@type\":\"EntryPoint\",\"urlTemplate\":\"https:\/\/www.unique-hotelsresidences.com\/?s={search_term_string}\"},\"query-input\":\"required name=search_term_string\"}],\"inLanguage\":\"en-US\"},{\"@type\":\"Organization\",\"@id\":\"https:\/\/www.unique-hotelsresidences.com\/#organization\",\"name\":\"Unique H\u00f4tel et R\u00e9sidence\",\"url\":\"https:\/\/www.unique-hotelsresidences.com\/\",\"logo\":{\"@type\":\"ImageObject\",\"inLanguage\":\"en-US\",\"@id\":\"https:\/\/www.unique-hotelsresidences.com\/#\/schema\/logo\/image\/\",\"url\":\"https:\/\/www.unique-hotelsresidences.com\/base\/uploads\/2022\/01\/logo-header.png\",\"contentUrl\":\"https:\/\/www.unique-hotelsresidences.com\/base\/uploads\/2022\/01\/logo-header.png\",\"width\":155,\"height\":104,\"caption\":\"Unique H\u00f4tel et R\u00e9sidence\"},\"image\":{\"@id\":\"https:\/\/www.unique-hotelsresidences.com\/#\/schema\/logo\/image\/\"}}]}<\/script>\n<!-- \/ Yoast SEO plugin. -->","yoast_head_json":{"title":"Photo gallery apartment hotel and 4 star hotel in Saint-Rapha\u00ebl","description":"Discover the apartment hotels and the hotel Unique H\u00f4tels et R\u00e9sidences in Saint-Rapha\u00ebl in pictures through the photo gallery.","robots":{"index":"index","follow":"follow","max-snippet":"max-snippet:-1","max-image-preview":"max-image-preview:large","max-video-preview":"max-video-preview:-1"},"canonical":"https:\/\/www.unique-hotelsresidences.com\/en\/photo-gallery\/","og_locale":"en_US","og_type":"article","og_title":"Photo gallery apartment hotel and 4 star hotel in Saint-Rapha\u00ebl","og_description":"Discover the apartment hotels and the hotel Unique H\u00f4tels et R\u00e9sidences in Saint-Rapha\u00ebl in pictures through the photo gallery.","og_url":"https:\/\/www.unique-hotelsresidences.com\/en\/photo-gallery\/","og_site_name":"Unique H\u00f4tels &amp; R\u00e9sidences","article_modified_time":"2022-03-23T14:47:16+00:00","og_image":[{"width":1920,"height":929,"url":"https:\/\/www.unique-hotelsresidences.com\/base\/uploads\/2022\/01\/hotel-saint-raphael-plage.jpg","type":"image\/jpeg"}],"schema":{"@context":"https:\/\/schema.org","@graph":[{"@type":"WebPage","@id":"https:\/\/www.unique-hotelsresidences.com\/en\/photo-gallery\/","url":"https:\/\/www.unique-hotelsresidences.com\/en\/photo-gallery\/","name":"Photo gallery apartment hotel and 4 star hotel in Saint-Rapha\u00ebl","isPartOf":{"@id":"https:\/\/www.unique-hotelsresidences.com\/#website"},"datePublished":"2022-01-17T14:45:34+00:00","dateModified":"2022-03-23T14:47:16+00:00","description":"Discover the apartment hotels and the hotel Unique H\u00f4tels et R\u00e9sidences in Saint-Rapha\u00ebl in pictures through the photo gallery.","breadcrumb":{"@id":"https:\/\/www.unique-hotelsresidences.com\/en\/photo-gallery\/#breadcrumb"},"inLanguage":"en-US","potentialAction":[{"@type":"ReadAction","target":["https:\/\/www.unique-hotelsresidences.com\/en\/photo-gallery\/"]}]},{"@type":"BreadcrumbList","@id":"https:\/\/www.unique-hotelsresidences.com\/en\/photo-gallery\/#breadcrumb","itemListElement":[{"@type":"ListItem","position":1,"name":"Accueil","item":"https:\/\/www.unique-hotelsresidences.com\/en\/"},{"@type":"ListItem","position":2,"name":"Gallery"}]},{"@type":"WebSite","@id":"https:\/\/www.unique-hotelsresidences.com\/#website","url":"https:\/\/www.unique-hotelsresidences.com\/","name":"Unique H\u00f4tels &amp; R\u00e9sidences","description":"","publisher":{"@id":"https:\/\/www.unique-hotelsresidences.com\/#organization"},"potentialAction":[{"@type":"SearchAction","target":{"@type":"EntryPoint","urlTemplate":"https:\/\/www.unique-hotelsresidences.com\/?s={search_term_string}"},"query-input":"required name=search_term_string"}],"inLanguage":"en-US"},{"@type":"Organization","@id":"https:\/\/www.unique-hotelsresidences.com\/#organization","name":"Unique H\u00f4tel et R\u00e9sidence","url":"https:\/\/www.unique-hotelsresidences.com\/","logo":{"@type":"ImageObject","inLanguage":"en-US","@id":"https:\/\/www.unique-hotelsresidences.com\/#\/schema\/logo\/image\/","url":"https:\/\/www.unique-hotelsresidences.com\/base\/uploads\/2022\/01\/logo-header.png","contentUrl":"https:\/\/www.unique-hotelsresidences.com\/base\/uploads\/2022\/01\/logo-header.png","width":155,"height":104,"caption":"Unique H\u00f4tel et R\u00e9sidence"},"image":{"@id":"https:\/\/www.unique-hotelsresidences.com\/#\/schema\/logo\/image\/"}}]}},"_links":{"self":[{"href":"https:\/\/www.unique-hotelsresidences.com\/en\/wp-json\/wp\/v2\/pages\/1693"}],"collection":[{"href":"https:\/\/www.unique-hotelsresidences.com\/en\/wp-json\/wp\/v2\/pages"}],"about":[{"href":"https:\/\/www.unique-hotelsresidences.com\/en\/wp-json\/wp\/v2\/types\/page"}],"author":[{"embeddable":true,"href":"https:\/\/www.unique-hotelsresidences.com\/en\/wp-json\/wp\/v2\/users\/3"}],"replies":[{"embeddable":true,"href":"https:\/\/www.unique-hotelsresidences.com\/en\/wp-json\/wp\/v2\/comments?post=1693"}],"version-history":[{"count":2,"href":"https:\/\/www.unique-hotelsresidences.com\/en\/wp-json\/wp\/v2\/pages\/1693\/revisions"}],"predecessor-version":[{"id":1809,"href":"https:\/\/www.unique-hotelsresidences.com\/en\/wp-json\/wp\/v2\/pages\/1693\/revisions\/1809"}],"wp:featuredmedia":[{"embeddable":true,"href":"https:\/\/www.unique-hotelsresidences.com\/en\/wp-json\/wp\/v2\/media\/1244"}],"wp:attachment":[{"href":"https:\/\/www.unique-hotelsresidences.com\/en\/wp-json\/wp\/v2\/media?parent=1693"}],"curies":[{"name":"wp","href":"https:\/\/api.w.org\/{rel}","templated":true}]}}