{"id":1700,"date":"2022-01-17T16:43:57","date_gmt":"2022-01-17T14:43:57","guid":{"rendered":"https:\/\/www.unique-hotelsresidences.com\/conference-saint-raphael-privatisation\/"},"modified":"2022-03-24T19:20:19","modified_gmt":"2022-03-24T17:20:19","slug":"seminar-saint-raphael-privatisation","status":"publish","type":"page","link":"https:\/\/www.unique-hotelsresidences.com\/en\/seminar-saint-raphael-privatisation\/","title":{"rendered":"Privatisation"},"content":{"rendered":"","protected":false},"excerpt":{"rendered":"","protected":false},"author":3,"featured_media":2795,"parent":0,"menu_order":0,"comment_status":"closed","ping_status":"closed","template":"modeles-de-page\/page-privatisation.php","meta":[],"acf":[],"yoast_head":"<!-- This site is optimized with the Yoast SEO plugin v20.4 - https:\/\/yoast.com\/wordpress\/plugins\/seo\/ -->\n<title>Conference in Saint-Rapha\u00ebl &amp; Privatisation - Unique H\u00f4tel et R\u00e9sidences<\/title>\n<meta name=\"description\" content=\"Hotel Unique Hotels and Residences has all the necessary equipment to make your conference or seminar in Saint-Rapha\u00ebl a success.\" \/>\n<meta name=\"robots\" content=\"index, follow, max-snippet:-1, max-image-preview:large, max-video-preview:-1\" \/>\n<link rel=\"canonical\" href=\"https:\/\/www.unique-hotelsresidences.com\/en\/seminar-saint-raphael-privatisation\/\" \/>\n<meta property=\"og:locale\" content=\"en_US\" \/>\n<meta property=\"og:type\" content=\"article\" \/>\n<meta property=\"og:title\" content=\"Conference in Saint-Rapha\u00ebl &amp; Privatisation - Unique H\u00f4tel et R\u00e9sidences\" \/>\n<meta property=\"og:description\" content=\"Hotel Unique Hotels and Residences has all the necessary equipment to make your conference or seminar in Saint-Rapha\u00ebl a success.\" \/>\n<meta property=\"og:url\" content=\"https:\/\/www.unique-hotelsresidences.com\/en\/seminar-saint-raphael-privatisation\/\" \/>\n<meta property=\"og:site_name\" content=\"Unique H\u00f4tels &amp; R\u00e9sidences\" \/>\n<meta property=\"article:modified_time\" content=\"2022-03-24T17:20:19+00:00\" \/>\n<meta property=\"og:image\" content=\"https:\/\/www.unique-hotelsresidences.com\/base\/uploads\/2022\/01\/unique-hotels-privatisation-seminaire-conferences.jpg\" \/>\n\t<meta property=\"og:image:width\" content=\"1920\" \/>\n\t<meta property=\"og:image:height\" content=\"929\" \/>\n\t<meta property=\"og:image:type\" content=\"image\/jpeg\" \/>\n<script type=\"application\/ld+json\" class=\"yoast-schema-graph\">{\"@context\":\"https:\/\/schema.org\",\"@graph\":[{\"@type\":\"WebPage\",\"@id\":\"https:\/\/www.unique-hotelsresidences.com\/en\/seminar-saint-raphael-privatisation\/\",\"url\":\"https:\/\/www.unique-hotelsresidences.com\/en\/seminar-saint-raphael-privatisation\/\",\"name\":\"Conference in Saint-Rapha\u00ebl & Privatisation - Unique H\u00f4tel et R\u00e9sidences\",\"isPartOf\":{\"@id\":\"https:\/\/www.unique-hotelsresidences.com\/#website\"},\"datePublished\":\"2022-01-17T14:43:57+00:00\",\"dateModified\":\"2022-03-24T17:20:19+00:00\",\"description\":\"Hotel Unique Hotels and Residences has all the necessary equipment to make your conference or seminar in Saint-Rapha\u00ebl a success.\",\"breadcrumb\":{\"@id\":\"https:\/\/www.unique-hotelsresidences.com\/en\/seminar-saint-raphael-privatisation\/#breadcrumb\"},\"inLanguage\":\"en-US\",\"potentialAction\":[{\"@type\":\"ReadAction\",\"target\":[\"https:\/\/www.unique-hotelsresidences.com\/en\/seminar-saint-raphael-privatisation\/\"]}]},{\"@type\":\"BreadcrumbList\",\"@id\":\"https:\/\/www.unique-hotelsresidences.com\/en\/seminar-saint-raphael-privatisation\/#breadcrumb\",\"itemListElement\":[{\"@type\":\"ListItem\",\"position\":1,\"name\":\"Accueil\",\"item\":\"https:\/\/www.unique-hotelsresidences.com\/en\/\"},{\"@type\":\"ListItem\",\"position\":2,\"name\":\"Privatisation\"}]},{\"@type\":\"WebSite\",\"@id\":\"https:\/\/www.unique-hotelsresidences.com\/#website\",\"url\":\"https:\/\/www.unique-hotelsresidences.com\/\",\"name\":\"Unique H\u00f4tels &amp; R\u00e9sidences\",\"description\":\"\",\"publisher\":{\"@id\":\"https:\/\/www.unique-hotelsresidences.com\/#organization\"},\"potentialAction\":[{\"@type\":\"SearchAction\",\"target\":{\"@type\":\"EntryPoint\",\"urlTemplate\":\"https:\/\/www.unique-hotelsresidences.com\/?s={search_term_string}\"},\"query-input\":\"required name=search_term_string\"}],\"inLanguage\":\"en-US\"},{\"@type\":\"Organization\",\"@id\":\"https:\/\/www.unique-hotelsresidences.com\/#organization\",\"name\":\"Unique H\u00f4tel et R\u00e9sidence\",\"url\":\"https:\/\/www.unique-hotelsresidences.com\/\",\"logo\":{\"@type\":\"ImageObject\",\"inLanguage\":\"en-US\",\"@id\":\"https:\/\/www.unique-hotelsresidences.com\/#\/schema\/logo\/image\/\",\"url\":\"https:\/\/www.unique-hotelsresidences.com\/base\/uploads\/2022\/01\/logo-header.png\",\"contentUrl\":\"https:\/\/www.unique-hotelsresidences.com\/base\/uploads\/2022\/01\/logo-header.png\",\"width\":155,\"height\":104,\"caption\":\"Unique H\u00f4tel et R\u00e9sidence\"},\"image\":{\"@id\":\"https:\/\/www.unique-hotelsresidences.com\/#\/schema\/logo\/image\/\"}}]}<\/script>\n<!-- \/ Yoast SEO plugin. -->","yoast_head_json":{"title":"Conference in Saint-Rapha\u00ebl & Privatisation - Unique H\u00f4tel et R\u00e9sidences","description":"Hotel Unique Hotels and Residences has all the necessary equipment to make your conference or seminar in Saint-Rapha\u00ebl a success.","robots":{"index":"index","follow":"follow","max-snippet":"max-snippet:-1","max-image-preview":"max-image-preview:large","max-video-preview":"max-video-preview:-1"},"canonical":"https:\/\/www.unique-hotelsresidences.com\/en\/seminar-saint-raphael-privatisation\/","og_locale":"en_US","og_type":"article","og_title":"Conference in Saint-Rapha\u00ebl & Privatisation - Unique H\u00f4tel et R\u00e9sidences","og_description":"Hotel Unique Hotels and Residences has all the necessary equipment to make your conference or seminar in Saint-Rapha\u00ebl a success.","og_url":"https:\/\/www.unique-hotelsresidences.com\/en\/seminar-saint-raphael-privatisation\/","og_site_name":"Unique H\u00f4tels &amp; R\u00e9sidences","article_modified_time":"2022-03-24T17:20:19+00:00","og_image":[{"width":1920,"height":929,"url":"https:\/\/www.unique-hotelsresidences.com\/base\/uploads\/2022\/01\/unique-hotels-privatisation-seminaire-conferences.jpg","type":"image\/jpeg"}],"schema":{"@context":"https:\/\/schema.org","@graph":[{"@type":"WebPage","@id":"https:\/\/www.unique-hotelsresidences.com\/en\/seminar-saint-raphael-privatisation\/","url":"https:\/\/www.unique-hotelsresidences.com\/en\/seminar-saint-raphael-privatisation\/","name":"Conference in Saint-Rapha\u00ebl & Privatisation - Unique H\u00f4tel et R\u00e9sidences","isPartOf":{"@id":"https:\/\/www.unique-hotelsresidences.com\/#website"},"datePublished":"2022-01-17T14:43:57+00:00","dateModified":"2022-03-24T17:20:19+00:00","description":"Hotel Unique Hotels and Residences has all the necessary equipment to make your conference or seminar in Saint-Rapha\u00ebl a success.","breadcrumb":{"@id":"https:\/\/www.unique-hotelsresidences.com\/en\/seminar-saint-raphael-privatisation\/#breadcrumb"},"inLanguage":"en-US","potentialAction":[{"@type":"ReadAction","target":["https:\/\/www.unique-hotelsresidences.com\/en\/seminar-saint-raphael-privatisation\/"]}]},{"@type":"BreadcrumbList","@id":"https:\/\/www.unique-hotelsresidences.com\/en\/seminar-saint-raphael-privatisation\/#breadcrumb","itemListElement":[{"@type":"ListItem","position":1,"name":"Accueil","item":"https:\/\/www.unique-hotelsresidences.com\/en\/"},{"@type":"ListItem","position":2,"name":"Privatisation"}]},{"@type":"WebSite","@id":"https:\/\/www.unique-hotelsresidences.com\/#website","url":"https:\/\/www.unique-hotelsresidences.com\/","name":"Unique H\u00f4tels &amp; R\u00e9sidences","description":"","publisher":{"@id":"https:\/\/www.unique-hotelsresidences.com\/#organization"},"potentialAction":[{"@type":"SearchAction","target":{"@type":"EntryPoint","urlTemplate":"https:\/\/www.unique-hotelsresidences.com\/?s={search_term_string}"},"query-input":"required name=search_term_string"}],"inLanguage":"en-US"},{"@type":"Organization","@id":"https:\/\/www.unique-hotelsresidences.com\/#organization","name":"Unique H\u00f4tel et R\u00e9sidence","url":"https:\/\/www.unique-hotelsresidences.com\/","logo":{"@type":"ImageObject","inLanguage":"en-US","@id":"https:\/\/www.unique-hotelsresidences.com\/#\/schema\/logo\/image\/","url":"https:\/\/www.unique-hotelsresidences.com\/base\/uploads\/2022\/01\/logo-header.png","contentUrl":"https:\/\/www.unique-hotelsresidences.com\/base\/uploads\/2022\/01\/logo-header.png","width":155,"height":104,"caption":"Unique H\u00f4tel et R\u00e9sidence"},"image":{"@id":"https:\/\/www.unique-hotelsresidences.com\/#\/schema\/logo\/image\/"}}]}},"_links":{"self":[{"href":"https:\/\/www.unique-hotelsresidences.com\/en\/wp-json\/wp\/v2\/pages\/1700"}],"collection":[{"href":"https:\/\/www.unique-hotelsresidences.com\/en\/wp-json\/wp\/v2\/pages"}],"about":[{"href":"https:\/\/www.unique-hotelsresidences.com\/en\/wp-json\/wp\/v2\/types\/page"}],"author":[{"embeddable":true,"href":"https:\/\/www.unique-hotelsresidences.com\/en\/wp-json\/wp\/v2\/users\/3"}],"replies":[{"embeddable":true,"href":"https:\/\/www.unique-hotelsresidences.com\/en\/wp-json\/wp\/v2\/comments?post=1700"}],"version-history":[{"count":3,"href":"https:\/\/www.unique-hotelsresidences.com\/en\/wp-json\/wp\/v2\/pages\/1700\/revisions"}],"predecessor-version":[{"id":1919,"href":"https:\/\/www.unique-hotelsresidences.com\/en\/wp-json\/wp\/v2\/pages\/1700\/revisions\/1919"}],"wp:featuredmedia":[{"embeddable":true,"href":"https:\/\/www.unique-hotelsresidences.com\/en\/wp-json\/wp\/v2\/media\/2795"}],"wp:attachment":[{"href":"https:\/\/www.unique-hotelsresidences.com\/en\/wp-json\/wp\/v2\/media?parent=1700"}],"curies":[{"name":"wp","href":"https:\/\/api.w.org\/{rel}","templated":true}]}}