{"id":1704,"date":"2019-11-15T11:25:28","date_gmt":"2019-11-15T09:25:28","guid":{"rendered":"https:\/\/www.unique-hotelsresidences.com\/cookies\/"},"modified":"2022-03-25T18:18:54","modified_gmt":"2022-03-25T16:18:54","slug":"cookies","status":"publish","type":"page","link":"https:\/\/www.unique-hotelsresidences.com\/en\/cookies\/","title":{"rendered":"RGPD Cookies"},"content":{"rendered":"<p><strong>COOKIES<\/strong><\/p>\n<p>Lors de votre navigation sur notre site https:\/\/www.unique-hotelsresidences.com, des cookies sont d\u00e9pos\u00e9s sur votre ordinateur, votre smartphone ou votre tablette. Notre site est con\u00e7u pour \u00eatre particuli\u00e8rement attentif aux besoins et attentes de nos clients. C\u2019est entre autres pour cela que nous faisons usage de cookies, afin par exemple de r\u00e9aliser des statistiques de visites ou bien d\u2019optimiser l\u2019exp\u00e9rience.<\/p>\n<p>La lecture de cette page est destin\u00e9e \u00e0 une meilleure compr\u00e9hension du fonctionnement et de l\u2019utilit\u00e9 d\u2019un cookie, ainsi qu\u2019\u00e0 une meilleure utilisation des outils actuels \u00e0 des fins de param\u00e9trage.<\/p>\n<p>&nbsp;<\/p>\n<p><strong>QU\u2019EST-CE QU\u2019UN COOKIE ?<\/strong><\/p>\n<p>Un cookie est un petit \u00ab fichier texte \u00bb qui est d\u00e9pos\u00e9 sur votre ordinateur lors de la visite d\u2019un site Internet ou de la consultation d\u2019une publicit\u00e9. Les cookies ont notamment pour but de collecter des informations relatives \u00e0 votre navigation sur les sites et de vous proposer des services personnalis\u00e9s. Dans votre ordinateur, les cookies sont directement g\u00e9r\u00e9s via votre navigateur internet.<\/p>\n<p>&nbsp;<\/p>\n<p><strong>QU\u2019EST-CE QU\u2019UN NAVIGATEUR ?<\/strong><\/p>\n<p>Un navigateur est une application qui vous permet de \u00ab surfer \u00bb sur Internet. Parmi les principaux navigateurs, vous trouverez Internet Explorer, Google Chrome, Safari ou Firefox.<\/p>\n<p>Pour une utilisation optimale de notre site, nous vous recommandons de mettre \u00e0 jour votre navigateur en t\u00e9l\u00e9chargeant la derni\u00e8re version en cours. G\u00e9n\u00e9ralement, vous trouverez un lien sur la page d\u2019accueil de votre navigateur vous permettant d\u2019effectuer cette r\u00e9actualisation.<\/p>\n<p>&nbsp;<\/p>\n<p><strong>ACCEPTER LES COOKIES REPR\u00c9SENTE-T-IL UN DANGER POUR MON ORDINATEUR ?<\/strong><\/p>\n<p>Non. Les cookies sont simplement de petits fichiers de donn\u00e9es et ne peuvent effectuer aucune op\u00e9ration individuellement. Ils ne repr\u00e9sentent aucun danger.<\/p>\n<p>&nbsp;<\/p>\n<p><strong>LES COOKIES https:\/\/www.unique-hotelsresidences.com<\/strong><\/p>\n<p>Il s\u2019agit des cookies d\u00e9pos\u00e9s par notre site Internet sur votre terminal pour les besoins de la navigation sur notre site internet, l\u2019optimisation et la personnalisation de nos services sur le site https:\/\/www.unique-hotelsresidences.com<\/p>\n<p><strong>\u00a0<\/strong><\/p>\n<p><strong>DIFF\u00c9RENTS TYPES DE COOKIES<\/strong><\/p>\n<p>Diff\u00e9rents types de cookies sont utilis\u00e9s sur notre site, ils ont des finalit\u00e9s diff\u00e9rentes. Certains sont n\u00e9cessaires \u00e0 votre utilisation de notre site.<\/p>\n<p>&nbsp;<\/p>\n<p><strong>LES COOKIES STRICTEMENT N\u00c9CESSAIRES<\/strong><\/p>\n<p>Il s\u2019agit de cookies d\u00e9pos\u00e9s par https:\/\/www.unique-hotelsresidences.com qui ne concernent que le fonctionnement de notre site, vous permettant d\u2019en utiliser les principales fonctionnalit\u00e9s dans des conditions optimales.<\/p>\n<p>&nbsp;<\/p>\n<p><strong>LES COOKIES ANALYTIQUES<\/strong><\/p>\n<p>Il s\u2019agit des cookies qui nous permettent de conna\u00eetre l\u2019utilisation et les performances de notre site et d\u2019en am\u00e9liorer le fonctionnement, comme par exemple les pages le plus souvent consult\u00e9es, etc. Notre site n\u2019utilise pas de cookies publicitaires afin de ne pas perturber votre navigation sur notre site Internet. Vous disposez de diff\u00e9rents moyens pour g\u00e9rer les cookies.<\/p>\n<p><strong>\u00a0<\/strong><\/p>\n<p><strong>LE PARAM\u00c9TRAGE DE VOTRE NAVIGATEUR INTERNET<\/strong><\/p>\n<p>Vous pouvez \u00e0 tout moment choisir de d\u00e9sactiver ces cookies. Votre navigateur peut \u00e9galement \u00eatre param\u00e9tr\u00e9 pour vous signaler les cookies qui sont d\u00e9pos\u00e9s dans votre ordinateur et vous demander de les accepter ou pas. Vous pouvez accepter ou refuser les cookies sur certains sites et pas sur d\u2019autres ou bien les refuser syst\u00e9matiquement une fois pour toutes, quel que soit le site visit\u00e9.<\/p>\n<p>Nous vous rappelons que le param\u00e9trage est susceptible de modifier vos conditions d\u2019acc\u00e8s \u00e0 nos services n\u00e9cessitant l\u2019utilisation de cookies : si votre navigateur est configur\u00e9 de mani\u00e8re \u00e0 refuser l\u2019ensemble des cookies, votre exp\u00e9rience de visite pourrait en \u00eatre affect\u00e9e, certaines fonctions principales de notre site pourraient pr\u00e9senter des dysfonctionnements, comme par exemple le formulaire de contact ou bien la lecture de vid\u00e9os. Afin de g\u00e9rer les cookies au plus pr\u00e8s de vos attentes, nous vous invitons \u00e0 param\u00e9trer votre navigateur en tenant compte de la finalit\u00e9 des cookies telle que mentionn\u00e9e ci-avant.<\/p>\n<p>Voici comment contr\u00f4ler ou emp\u00eacher l\u2019enregistrement des cookies sur votre ordinateur : la configuration de chaque navigateur est diff\u00e9rente. Vous y avez acc\u00e8s dans le menu d\u2019aide de votre navigateur, qui vous permettra de savoir de quelle mani\u00e8re modifier vos souhaits en mati\u00e8re de cookies.<\/p>\n<p>&nbsp;<\/p>\n<p><strong>1\/ SI VOUS UTILISEZ INTERNET EXPLORER<\/strong><\/p>\n<p>Dans Internet Explorer, il suffit de cliquer sur le bouton \u00ab Outils \u00bb, puis \u00ab Options Internet \u00bb. Sous l\u2019onglet G\u00e9n\u00e9ral, sous \u00ab Historique de navigation \u00bb, cliquez sur \u00ab Param\u00e8tres \u00bb. Cliquez sur le bouton \u00ab Afficher les fichiers \u00bb. Cliquez enfin sur la colonne \u00ab Nom \u00bb afin de trier tous les fichiers dans l\u2019ordre alphab\u00e9tique, parcourez la liste pour trouver les fichiers avec le pr\u00e9fixe \u00ab Cookie \u00bb. S\u00e9lectionnez le ou les cookies comprenant le nom \u00ab https:\/\/www.unique-hotelsresidences.com\u00a0\u00bb et supprimez-les. Pour terminer, fermez cette fen\u00eatre qui contient la liste des fichiers, puis cliquez 2 fois sur OK pour retourner dans votre navigateur Internet Explorer.<\/p>\n<p>&nbsp;<\/p>\n<p><strong>2\/ SI VOUS UTILISEZ FIREFOX :<\/strong><\/p>\n<p>Allez dans l\u2019onglet \u00ab Outils \u00bb du navigateur, puis s\u00e9lectionnez le menu \u00ab Options \u00bb. Dans la fen\u00eatre qui s\u2019affiche, choisissez \u00ab Vie priv\u00e9e \u00bb et cliquez sur \u00ab Affichez les cookies \u00bb. Derni\u00e8re \u00e9tape, rep\u00e9rez tous les fichiers qui contiennent le nom \u00ab https:\/\/www.unique-hotelsresidences.com\u00a0\u00bb afin de les s\u00e9lectionner et de les supprimer.<\/p>\n<p>&nbsp;<\/p>\n<p><strong>3\/ SI VOUS UTILISEZ SAFARI :<\/strong><\/p>\n<p>Dans votre navigateur, choisissez le menu \u00ab \u00c9dition \u00bb, puis \u00ab Pr\u00e9f\u00e9rences \u00bb. Cliquez sur \u00ab S\u00e9curit\u00e9 \u00bb. Cliquez sur \u00ab Afficher les cookies \u00bb. S\u00e9lectionnez l\u2019ensemble des cookies qui contiennent le nom \u00ab https:\/\/www.unique-hotelsresidences.com \u00bb et cliquez sur \u00ab Effacer \u00bb ou sur \u00ab\u00a0Tout effacer \u00bb. Apr\u00e8s avoir supprim\u00e9 les cookies, vous pouvez cliquer sur \u00ab Terminer \u00bb.<\/p>\n<p>&nbsp;<\/p>\n<p><strong>4\/ SI VOUS UTILISEZ GOOGLE CHROME :<\/strong><\/p>\n<p>Cliquez sur l\u2019ic\u00f4ne du menu \u00ab Outils \u00bb. S\u00e9lectionnez l\u2019onglet \u00ab Options \u00bb puis cliquez sur \u00ab Options avanc\u00e9es \u00bb et acc\u00e9dez \u00e0 la section \u00ab Confidentialit\u00e9 \u00bb. Cliquez sur le bouton \u00ab Afficher les cookies \u00bb afin de s\u00e9lectionner tous les fichiers qui contiennent le nom \u00ab https:\/\/www.unique-hotelsresidences.com \u00bb. Supprimez-les. Enfin, cliquez sur \u00ab Fermer \u00bb pour revenir sur votre navigateur.<\/p>\n<p>Pour plus d\u2019informations concernant les cookies, vous pouvez consulter le site de la CNIL : <a href=\"http:\/\/www.cnil.fr\/vos-droits\/vos-traces\/les-cookies\/\">http:\/\/www.cnil.fr\/vos-droits\/vos-traces\/les-cookies\/<\/a><\/p>\n","protected":false},"excerpt":{"rendered":"<p>COOKIES Lors de votre navigation sur notre site , des cookies sont d\u00e9pos\u00e9s sur votre ordinateur, votre smartphone ou votre tablette. Notre site est con\u00e7u pour \u00eatre particuli\u00e8rement attentif aux besoins et attentes de nos clients. C\u2019est entre autres pour cela que nous faisons usage de cookies, afin par exemple de r\u00e9aliser des statistiques de [&hellip;]<\/p>\n","protected":false},"author":3,"featured_media":0,"parent":0,"menu_order":0,"comment_status":"closed","ping_status":"closed","template":"","meta":[],"acf":[],"yoast_head":"<!-- This site is optimized with the Yoast SEO plugin v20.4 - https:\/\/yoast.com\/wordpress\/plugins\/seo\/ -->\n<title>Politique de cookies - Unique H\u00f4tel et R\u00e9sidences \u00e0 Saint-Rapha\u00ebl<\/title>\n<meta name=\"description\" content=\"Cookies are small electronic files stored on the hard drive of the user&#039;s terminal to facilitate navigation.\" \/>\n<meta name=\"robots\" content=\"index, follow, max-snippet:-1, max-image-preview:large, max-video-preview:-1\" \/>\n<link rel=\"canonical\" href=\"https:\/\/www.unique-hotelsresidences.com\/en\/cookies\/\" \/>\n<meta property=\"og:locale\" content=\"en_US\" \/>\n<meta property=\"og:type\" content=\"article\" \/>\n<meta property=\"og:title\" content=\"Politique de cookies - Unique H\u00f4tel et R\u00e9sidences \u00e0 Saint-Rapha\u00ebl\" \/>\n<meta property=\"og:description\" content=\"Cookies are small electronic files stored on the hard drive of the user&#039;s terminal to facilitate navigation.\" \/>\n<meta property=\"og:url\" content=\"https:\/\/www.unique-hotelsresidences.com\/en\/cookies\/\" \/>\n<meta property=\"og:site_name\" content=\"Unique H\u00f4tels &amp; R\u00e9sidences\" \/>\n<meta property=\"article:modified_time\" content=\"2022-03-25T16:18:54+00:00\" \/>\n<meta name=\"twitter:label1\" content=\"Est. reading time\" \/>\n\t<meta name=\"twitter:data1\" content=\"5 minutes\" \/>\n<script type=\"application\/ld+json\" class=\"yoast-schema-graph\">{\"@context\":\"https:\/\/schema.org\",\"@graph\":[{\"@type\":\"WebPage\",\"@id\":\"https:\/\/www.unique-hotelsresidences.com\/en\/cookies\/\",\"url\":\"https:\/\/www.unique-hotelsresidences.com\/en\/cookies\/\",\"name\":\"Politique de cookies - Unique H\u00f4tel et R\u00e9sidences \u00e0 Saint-Rapha\u00ebl\",\"isPartOf\":{\"@id\":\"https:\/\/www.unique-hotelsresidences.com\/#website\"},\"datePublished\":\"2019-11-15T09:25:28+00:00\",\"dateModified\":\"2022-03-25T16:18:54+00:00\",\"description\":\"Cookies are small electronic files stored on the hard drive of the user's terminal to facilitate navigation.\",\"breadcrumb\":{\"@id\":\"https:\/\/www.unique-hotelsresidences.com\/en\/cookies\/#breadcrumb\"},\"inLanguage\":\"en-US\",\"potentialAction\":[{\"@type\":\"ReadAction\",\"target\":[\"https:\/\/www.unique-hotelsresidences.com\/en\/cookies\/\"]}]},{\"@type\":\"BreadcrumbList\",\"@id\":\"https:\/\/www.unique-hotelsresidences.com\/en\/cookies\/#breadcrumb\",\"itemListElement\":[{\"@type\":\"ListItem\",\"position\":1,\"name\":\"Accueil\",\"item\":\"https:\/\/www.unique-hotelsresidences.com\/en\/\"},{\"@type\":\"ListItem\",\"position\":2,\"name\":\"RGPD Cookies\"}]},{\"@type\":\"WebSite\",\"@id\":\"https:\/\/www.unique-hotelsresidences.com\/#website\",\"url\":\"https:\/\/www.unique-hotelsresidences.com\/\",\"name\":\"Unique H\u00f4tels &amp; R\u00e9sidences\",\"description\":\"\",\"publisher\":{\"@id\":\"https:\/\/www.unique-hotelsresidences.com\/#organization\"},\"potentialAction\":[{\"@type\":\"SearchAction\",\"target\":{\"@type\":\"EntryPoint\",\"urlTemplate\":\"https:\/\/www.unique-hotelsresidences.com\/?s={search_term_string}\"},\"query-input\":\"required name=search_term_string\"}],\"inLanguage\":\"en-US\"},{\"@type\":\"Organization\",\"@id\":\"https:\/\/www.unique-hotelsresidences.com\/#organization\",\"name\":\"Unique H\u00f4tel et R\u00e9sidence\",\"url\":\"https:\/\/www.unique-hotelsresidences.com\/\",\"logo\":{\"@type\":\"ImageObject\",\"inLanguage\":\"en-US\",\"@id\":\"https:\/\/www.unique-hotelsresidences.com\/#\/schema\/logo\/image\/\",\"url\":\"https:\/\/www.unique-hotelsresidences.com\/base\/uploads\/2022\/01\/logo-header.png\",\"contentUrl\":\"https:\/\/www.unique-hotelsresidences.com\/base\/uploads\/2022\/01\/logo-header.png\",\"width\":155,\"height\":104,\"caption\":\"Unique H\u00f4tel et R\u00e9sidence\"},\"image\":{\"@id\":\"https:\/\/www.unique-hotelsresidences.com\/#\/schema\/logo\/image\/\"}}]}<\/script>\n<!-- \/ Yoast SEO plugin. -->","yoast_head_json":{"title":"Politique de cookies - Unique H\u00f4tel et R\u00e9sidences \u00e0 Saint-Rapha\u00ebl","description":"Cookies are small electronic files stored on the hard drive of the user's terminal to facilitate navigation.","robots":{"index":"index","follow":"follow","max-snippet":"max-snippet:-1","max-image-preview":"max-image-preview:large","max-video-preview":"max-video-preview:-1"},"canonical":"https:\/\/www.unique-hotelsresidences.com\/en\/cookies\/","og_locale":"en_US","og_type":"article","og_title":"Politique de cookies - Unique H\u00f4tel et R\u00e9sidences \u00e0 Saint-Rapha\u00ebl","og_description":"Cookies are small electronic files stored on the hard drive of the user's terminal to facilitate navigation.","og_url":"https:\/\/www.unique-hotelsresidences.com\/en\/cookies\/","og_site_name":"Unique H\u00f4tels &amp; R\u00e9sidences","article_modified_time":"2022-03-25T16:18:54+00:00","twitter_misc":{"Est. reading time":"5 minutes"},"schema":{"@context":"https:\/\/schema.org","@graph":[{"@type":"WebPage","@id":"https:\/\/www.unique-hotelsresidences.com\/en\/cookies\/","url":"https:\/\/www.unique-hotelsresidences.com\/en\/cookies\/","name":"Politique de cookies - Unique H\u00f4tel et R\u00e9sidences \u00e0 Saint-Rapha\u00ebl","isPartOf":{"@id":"https:\/\/www.unique-hotelsresidences.com\/#website"},"datePublished":"2019-11-15T09:25:28+00:00","dateModified":"2022-03-25T16:18:54+00:00","description":"Cookies are small electronic files stored on the hard drive of the user's terminal to facilitate navigation.","breadcrumb":{"@id":"https:\/\/www.unique-hotelsresidences.com\/en\/cookies\/#breadcrumb"},"inLanguage":"en-US","potentialAction":[{"@type":"ReadAction","target":["https:\/\/www.unique-hotelsresidences.com\/en\/cookies\/"]}]},{"@type":"BreadcrumbList","@id":"https:\/\/www.unique-hotelsresidences.com\/en\/cookies\/#breadcrumb","itemListElement":[{"@type":"ListItem","position":1,"name":"Accueil","item":"https:\/\/www.unique-hotelsresidences.com\/en\/"},{"@type":"ListItem","position":2,"name":"RGPD Cookies"}]},{"@type":"WebSite","@id":"https:\/\/www.unique-hotelsresidences.com\/#website","url":"https:\/\/www.unique-hotelsresidences.com\/","name":"Unique H\u00f4tels &amp; R\u00e9sidences","description":"","publisher":{"@id":"https:\/\/www.unique-hotelsresidences.com\/#organization"},"potentialAction":[{"@type":"SearchAction","target":{"@type":"EntryPoint","urlTemplate":"https:\/\/www.unique-hotelsresidences.com\/?s={search_term_string}"},"query-input":"required name=search_term_string"}],"inLanguage":"en-US"},{"@type":"Organization","@id":"https:\/\/www.unique-hotelsresidences.com\/#organization","name":"Unique H\u00f4tel et R\u00e9sidence","url":"https:\/\/www.unique-hotelsresidences.com\/","logo":{"@type":"ImageObject","inLanguage":"en-US","@id":"https:\/\/www.unique-hotelsresidences.com\/#\/schema\/logo\/image\/","url":"https:\/\/www.unique-hotelsresidences.com\/base\/uploads\/2022\/01\/logo-header.png","contentUrl":"https:\/\/www.unique-hotelsresidences.com\/base\/uploads\/2022\/01\/logo-header.png","width":155,"height":104,"caption":"Unique H\u00f4tel et R\u00e9sidence"},"image":{"@id":"https:\/\/www.unique-hotelsresidences.com\/#\/schema\/logo\/image\/"}}]}},"_links":{"self":[{"href":"https:\/\/www.unique-hotelsresidences.com\/en\/wp-json\/wp\/v2\/pages\/1704"}],"collection":[{"href":"https:\/\/www.unique-hotelsresidences.com\/en\/wp-json\/wp\/v2\/pages"}],"about":[{"href":"https:\/\/www.unique-hotelsresidences.com\/en\/wp-json\/wp\/v2\/types\/page"}],"author":[{"embeddable":true,"href":"https:\/\/www.unique-hotelsresidences.com\/en\/wp-json\/wp\/v2\/users\/3"}],"replies":[{"embeddable":true,"href":"https:\/\/www.unique-hotelsresidences.com\/en\/wp-json\/wp\/v2\/comments?post=1704"}],"version-history":[{"count":1,"href":"https:\/\/www.unique-hotelsresidences.com\/en\/wp-json\/wp\/v2\/pages\/1704\/revisions"}],"predecessor-version":[{"id":1987,"href":"https:\/\/www.unique-hotelsresidences.com\/en\/wp-json\/wp\/v2\/pages\/1704\/revisions\/1987"}],"wp:attachment":[{"href":"https:\/\/www.unique-hotelsresidences.com\/en\/wp-json\/wp\/v2\/media?parent=1704"}],"curies":[{"name":"wp","href":"https:\/\/api.w.org\/{rel}","templated":true}]}}