{"id":1979,"date":"2022-01-17T16:45:41","date_gmt":"2022-01-17T14:45:41","guid":{"rendered":"https:\/\/www.unique-hotelsresidences.com\/partenaires\/"},"modified":"2022-03-25T13:08:57","modified_gmt":"2022-03-25T11:08:57","slug":"partners","status":"publish","type":"page","link":"https:\/\/www.unique-hotelsresidences.com\/en\/partners\/","title":{"rendered":"Partners"},"content":{"rendered":"","protected":false},"excerpt":{"rendered":"","protected":false},"author":3,"featured_media":0,"parent":0,"menu_order":0,"comment_status":"closed","ping_status":"closed","template":"modeles-de-page\/page-partenaires.php","meta":[],"acf":[],"yoast_head":"<!-- This site is optimized with the Yoast SEO plugin v20.4 - https:\/\/yoast.com\/wordpress\/plugins\/seo\/ -->\n<title>Partenaires de l&#039;Unique H\u00f4tel &amp; R\u00e9sidence \u00e0 Saint-Rapha\u00ebl<\/title>\n<meta name=\"description\" content=\"Unique H\u00f4tel et R\u00e9sidence dispose d&#039;un r\u00e9seau de partenaires \u00e9tendu et vari\u00e9, certains pourront vous faire b\u00e9n\u00e9ficier de r\u00e9duction.\" \/>\n<meta name=\"robots\" content=\"index, follow, max-snippet:-1, max-image-preview:large, max-video-preview:-1\" \/>\n<link rel=\"canonical\" href=\"https:\/\/www.unique-hotelsresidences.com\/en\/partners\/\" \/>\n<meta property=\"og:locale\" content=\"en_US\" \/>\n<meta property=\"og:type\" content=\"article\" \/>\n<meta property=\"og:title\" content=\"Partenaires de l&#039;Unique H\u00f4tel &amp; R\u00e9sidence \u00e0 Saint-Rapha\u00ebl\" \/>\n<meta property=\"og:description\" content=\"Unique H\u00f4tel et R\u00e9sidence dispose d&#039;un r\u00e9seau de partenaires \u00e9tendu et vari\u00e9, certains pourront vous faire b\u00e9n\u00e9ficier de r\u00e9duction.\" \/>\n<meta property=\"og:url\" content=\"https:\/\/www.unique-hotelsresidences.com\/en\/partners\/\" \/>\n<meta property=\"og:site_name\" content=\"Unique H\u00f4tels &amp; R\u00e9sidences\" \/>\n<meta property=\"article:modified_time\" content=\"2022-03-25T11:08:57+00:00\" \/>\n<script type=\"application\/ld+json\" class=\"yoast-schema-graph\">{\"@context\":\"https:\/\/schema.org\",\"@graph\":[{\"@type\":\"WebPage\",\"@id\":\"https:\/\/www.unique-hotelsresidences.com\/en\/partners\/\",\"url\":\"https:\/\/www.unique-hotelsresidences.com\/en\/partners\/\",\"name\":\"Partenaires de l'Unique H\u00f4tel & R\u00e9sidence \u00e0 Saint-Rapha\u00ebl\",\"isPartOf\":{\"@id\":\"https:\/\/www.unique-hotelsresidences.com\/#website\"},\"datePublished\":\"2022-01-17T14:45:41+00:00\",\"dateModified\":\"2022-03-25T11:08:57+00:00\",\"description\":\"Unique H\u00f4tel et R\u00e9sidence dispose d'un r\u00e9seau de partenaires \u00e9tendu et vari\u00e9, certains pourront vous faire b\u00e9n\u00e9ficier de r\u00e9duction.\",\"breadcrumb\":{\"@id\":\"https:\/\/www.unique-hotelsresidences.com\/en\/partners\/#breadcrumb\"},\"inLanguage\":\"en-US\",\"potentialAction\":[{\"@type\":\"ReadAction\",\"target\":[\"https:\/\/www.unique-hotelsresidences.com\/en\/partners\/\"]}]},{\"@type\":\"BreadcrumbList\",\"@id\":\"https:\/\/www.unique-hotelsresidences.com\/en\/partners\/#breadcrumb\",\"itemListElement\":[{\"@type\":\"ListItem\",\"position\":1,\"name\":\"Accueil\",\"item\":\"https:\/\/www.unique-hotelsresidences.com\/en\/\"},{\"@type\":\"ListItem\",\"position\":2,\"name\":\"Partners\"}]},{\"@type\":\"WebSite\",\"@id\":\"https:\/\/www.unique-hotelsresidences.com\/#website\",\"url\":\"https:\/\/www.unique-hotelsresidences.com\/\",\"name\":\"Unique H\u00f4tels &amp; R\u00e9sidences\",\"description\":\"\",\"publisher\":{\"@id\":\"https:\/\/www.unique-hotelsresidences.com\/#organization\"},\"potentialAction\":[{\"@type\":\"SearchAction\",\"target\":{\"@type\":\"EntryPoint\",\"urlTemplate\":\"https:\/\/www.unique-hotelsresidences.com\/?s={search_term_string}\"},\"query-input\":\"required name=search_term_string\"}],\"inLanguage\":\"en-US\"},{\"@type\":\"Organization\",\"@id\":\"https:\/\/www.unique-hotelsresidences.com\/#organization\",\"name\":\"Unique H\u00f4tel et R\u00e9sidence\",\"url\":\"https:\/\/www.unique-hotelsresidences.com\/\",\"logo\":{\"@type\":\"ImageObject\",\"inLanguage\":\"en-US\",\"@id\":\"https:\/\/www.unique-hotelsresidences.com\/#\/schema\/logo\/image\/\",\"url\":\"https:\/\/www.unique-hotelsresidences.com\/base\/uploads\/2022\/01\/logo-header.png\",\"contentUrl\":\"https:\/\/www.unique-hotelsresidences.com\/base\/uploads\/2022\/01\/logo-header.png\",\"width\":155,\"height\":104,\"caption\":\"Unique H\u00f4tel et R\u00e9sidence\"},\"image\":{\"@id\":\"https:\/\/www.unique-hotelsresidences.com\/#\/schema\/logo\/image\/\"}}]}<\/script>\n<!-- \/ Yoast SEO plugin. -->","yoast_head_json":{"title":"Partenaires de l'Unique H\u00f4tel & R\u00e9sidence \u00e0 Saint-Rapha\u00ebl","description":"Unique H\u00f4tel et R\u00e9sidence dispose d'un r\u00e9seau de partenaires \u00e9tendu et vari\u00e9, certains pourront vous faire b\u00e9n\u00e9ficier de r\u00e9duction.","robots":{"index":"index","follow":"follow","max-snippet":"max-snippet:-1","max-image-preview":"max-image-preview:large","max-video-preview":"max-video-preview:-1"},"canonical":"https:\/\/www.unique-hotelsresidences.com\/en\/partners\/","og_locale":"en_US","og_type":"article","og_title":"Partenaires de l'Unique H\u00f4tel & R\u00e9sidence \u00e0 Saint-Rapha\u00ebl","og_description":"Unique H\u00f4tel et R\u00e9sidence dispose d'un r\u00e9seau de partenaires \u00e9tendu et vari\u00e9, certains pourront vous faire b\u00e9n\u00e9ficier de r\u00e9duction.","og_url":"https:\/\/www.unique-hotelsresidences.com\/en\/partners\/","og_site_name":"Unique H\u00f4tels &amp; R\u00e9sidences","article_modified_time":"2022-03-25T11:08:57+00:00","schema":{"@context":"https:\/\/schema.org","@graph":[{"@type":"WebPage","@id":"https:\/\/www.unique-hotelsresidences.com\/en\/partners\/","url":"https:\/\/www.unique-hotelsresidences.com\/en\/partners\/","name":"Partenaires de l'Unique H\u00f4tel & R\u00e9sidence \u00e0 Saint-Rapha\u00ebl","isPartOf":{"@id":"https:\/\/www.unique-hotelsresidences.com\/#website"},"datePublished":"2022-01-17T14:45:41+00:00","dateModified":"2022-03-25T11:08:57+00:00","description":"Unique H\u00f4tel et R\u00e9sidence dispose d'un r\u00e9seau de partenaires \u00e9tendu et vari\u00e9, certains pourront vous faire b\u00e9n\u00e9ficier de r\u00e9duction.","breadcrumb":{"@id":"https:\/\/www.unique-hotelsresidences.com\/en\/partners\/#breadcrumb"},"inLanguage":"en-US","potentialAction":[{"@type":"ReadAction","target":["https:\/\/www.unique-hotelsresidences.com\/en\/partners\/"]}]},{"@type":"BreadcrumbList","@id":"https:\/\/www.unique-hotelsresidences.com\/en\/partners\/#breadcrumb","itemListElement":[{"@type":"ListItem","position":1,"name":"Accueil","item":"https:\/\/www.unique-hotelsresidences.com\/en\/"},{"@type":"ListItem","position":2,"name":"Partners"}]},{"@type":"WebSite","@id":"https:\/\/www.unique-hotelsresidences.com\/#website","url":"https:\/\/www.unique-hotelsresidences.com\/","name":"Unique H\u00f4tels &amp; R\u00e9sidences","description":"","publisher":{"@id":"https:\/\/www.unique-hotelsresidences.com\/#organization"},"potentialAction":[{"@type":"SearchAction","target":{"@type":"EntryPoint","urlTemplate":"https:\/\/www.unique-hotelsresidences.com\/?s={search_term_string}"},"query-input":"required name=search_term_string"}],"inLanguage":"en-US"},{"@type":"Organization","@id":"https:\/\/www.unique-hotelsresidences.com\/#organization","name":"Unique H\u00f4tel et R\u00e9sidence","url":"https:\/\/www.unique-hotelsresidences.com\/","logo":{"@type":"ImageObject","inLanguage":"en-US","@id":"https:\/\/www.unique-hotelsresidences.com\/#\/schema\/logo\/image\/","url":"https:\/\/www.unique-hotelsresidences.com\/base\/uploads\/2022\/01\/logo-header.png","contentUrl":"https:\/\/www.unique-hotelsresidences.com\/base\/uploads\/2022\/01\/logo-header.png","width":155,"height":104,"caption":"Unique H\u00f4tel et R\u00e9sidence"},"image":{"@id":"https:\/\/www.unique-hotelsresidences.com\/#\/schema\/logo\/image\/"}}]}},"_links":{"self":[{"href":"https:\/\/www.unique-hotelsresidences.com\/en\/wp-json\/wp\/v2\/pages\/1979"}],"collection":[{"href":"https:\/\/www.unique-hotelsresidences.com\/en\/wp-json\/wp\/v2\/pages"}],"about":[{"href":"https:\/\/www.unique-hotelsresidences.com\/en\/wp-json\/wp\/v2\/types\/page"}],"author":[{"embeddable":true,"href":"https:\/\/www.unique-hotelsresidences.com\/en\/wp-json\/wp\/v2\/users\/3"}],"replies":[{"embeddable":true,"href":"https:\/\/www.unique-hotelsresidences.com\/en\/wp-json\/wp\/v2\/comments?post=1979"}],"version-history":[{"count":2,"href":"https:\/\/www.unique-hotelsresidences.com\/en\/wp-json\/wp\/v2\/pages\/1979\/revisions"}],"predecessor-version":[{"id":1981,"href":"https:\/\/www.unique-hotelsresidences.com\/en\/wp-json\/wp\/v2\/pages\/1979\/revisions\/1981"}],"wp:attachment":[{"href":"https:\/\/www.unique-hotelsresidences.com\/en\/wp-json\/wp\/v2\/media?parent=1979"}],"curies":[{"name":"wp","href":"https:\/\/api.w.org\/{rel}","templated":true}]}}